{"id":2,"date":"2019-04-24T14:46:33","date_gmt":"2019-04-24T14:46:33","guid":{"rendered":"https:\/\/siikasalmenkoulu.fi\/wp\/?page_id=2"},"modified":"2024-08-19T19:24:18","modified_gmt":"2024-08-19T19:24:18","slug":"sample-page","status":"publish","type":"page","link":"https:\/\/siikasalmenkoulu.fi\/koulu\/","title":{"rendered":"Siikasalmen kristillinen koulu"},"content":{"rendered":"\n<div class=\"alignnormal\"><div id=\"metaslider-id-132\" style=\"width: 100%;\" class=\"ml-slider-3-25-1 metaslider metaslider-flex metaslider-132 ml-slider\">\n    <div id=\"metaslider_container_132\">\n        <div id=\"metaslider_132\">\n            <ul aria-live=\"polite\" class=\"slides\">\n                <li style=\"display: block; width: 100%;\" class=\"slide-134 ms-image\"><img src=\"https:\/\/siikasalmenkoulu.fi\/koulu\/wp-content\/uploads\/2019\/05\/IMG_1492-640x274.jpg\" height=\"300\" width=\"700\" alt=\"\" class=\"slider-132 slide-134\" title=\"IMG_1492\" \/><\/li>\n                <li style=\"display: none; width: 100%;\" class=\"slide-135 ms-image\"><img src=\"https:\/\/siikasalmenkoulu.fi\/koulu\/wp-content\/uploads\/2019\/04\/IMG_1480-640x274.jpg\" height=\"300\" width=\"700\" alt=\"\" class=\"slider-132 slide-135\" title=\"IMG_1480\" \/><\/li>\n                <li style=\"display: none; width: 100%;\" class=\"slide-136 ms-image\"><img src=\"https:\/\/siikasalmenkoulu.fi\/koulu\/wp-content\/uploads\/2019\/04\/IMG_0434-640x274.jpg\" height=\"300\" width=\"700\" alt=\"\" class=\"slider-132 slide-136\" title=\"IMG_0434\" \/><\/li>\n                <li style=\"display: none; width: 100%;\" class=\"slide-151 ms-image\"><img src=\"https:\/\/siikasalmenkoulu.fi\/koulu\/wp-content\/uploads\/2019\/05\/IMG_0432-640x274.jpg\" height=\"300\" width=\"700\" alt=\"\" class=\"slider-132 slide-151\" title=\"IMG_0432\" \/><\/li>\n                <li style=\"display: none; width: 100%;\" class=\"slide-153 ms-image\"><img src=\"https:\/\/siikasalmenkoulu.fi\/koulu\/wp-content\/uploads\/2019\/05\/IMG_1575-640x274.jpg\" height=\"300\" width=\"700\" alt=\"\" class=\"slider-132 slide-153\" title=\"IMG_1575\" \/><\/li>\n                <li style=\"display: none; width: 100%;\" class=\"slide-157 ms-image\"><img src=\"https:\/\/siikasalmenkoulu.fi\/koulu\/wp-content\/uploads\/2019\/05\/IMG_0339-640x274.jpg\" height=\"300\" width=\"700\" alt=\"\" class=\"slider-132 slide-157\" title=\"IMG_0339\" \/><\/li>\n                <li style=\"display: none; width: 100%;\" class=\"slide-159 ms-image\"><img src=\"https:\/\/siikasalmenkoulu.fi\/koulu\/wp-content\/uploads\/2019\/05\/IMG_0295-640x274.jpg\" height=\"300\" width=\"700\" alt=\"\" class=\"slider-132 slide-159\" title=\"IMG_0295\" \/><\/li>\n                <li style=\"display: none; width: 100%;\" class=\"slide-161 ms-image\"><img src=\"https:\/\/siikasalmenkoulu.fi\/koulu\/wp-content\/uploads\/2019\/05\/IMG_0450-640x274.jpg\" height=\"300\" width=\"700\" alt=\"\" class=\"slider-132 slide-161\" title=\"IMG_0450\" \/><\/li>\n            <\/ul>\n        <\/div>\n        \n    <\/div>\n<\/div><\/div>\n\n\n\n<p><strong>Siikasalmella, Liperiss\u00e4 toimii yksityinen kristillist\u00e4 koulutusta ja kasvatusta antava perusopetusaste.<\/strong> <strong>Opetusta annetaan esikoulusta 9. luokkaan asti.<\/strong><\/p>\n\n\n\n<p><strong>Opetussuunnitelma pohjautuu valtakunnalliseen  opetussuunnitelman perusteisiin. <\/strong><br><strong>T\u00e4m\u00e4n lis\u00e4ksi pyrimme huomioimaan  kristilliset periaatteet jokap\u00e4iv\u00e4isess\u00e4 toiminnassa.<\/strong><\/p>\n\n\n\n<p> Koulu on avoin kaikille uskontokunnasta riippumatta. <\/p>\n\n\n\n<p>Koulu on toiminut Siikasalmella vuodesta 2000 l\u00e4htien.<\/p>\n\n\n\n<p>Koulumme on korvaava koulu, eli koulumaksuja ei ole.<\/p>\n\n\n\n<p>Joensuun, Yl\u00e4myllyn, Viinij\u00e4rven, K\u00e4s\u00e4m\u00e4n, Liperinsalon ja Lepp\u00e4lahden suunnalta tuleville oppilaille on j\u00e4rjestetty koulukyyti.<\/p>\n\n\n\n<p>Opetus tapahtuu yhdysluokkaopetuksena.<\/p>\n\n\n\n<figure class=\"wp-block-image\"><img loading=\"lazy\" width=\"558\" height=\"424\" src=\"https:\/\/siikasalmenkoulu.fi\/wp\/wp-content\/uploads\/2019\/04\/piha.png\" alt=\"\" class=\"wp-image-23\" srcset=\"https:\/\/siikasalmenkoulu.fi\/koulu\/wp-content\/uploads\/2019\/04\/piha.png 558w, https:\/\/siikasalmenkoulu.fi\/koulu\/wp-content\/uploads\/2019\/04\/piha-300x228.png 300w, https:\/\/siikasalmenkoulu.fi\/koulu\/wp-content\/uploads\/2019\/04\/piha-80x60.png 80w\" sizes=\"(max-width: 558px) 100vw, 558px\" \/><\/figure>\n","protected":false},"excerpt":{"rendered":"<div class=\"mh-excerpt\"><p>Siikasalmella, Liperiss\u00e4 toimii yksityinen kristillist\u00e4 koulutusta ja kasvatusta antava perusopetusaste. Opetusta annetaan esikoulusta 9. luokkaan asti. Opetussuunnitelma pohjautuu valtakunnalliseen opetussuunnitelman perusteisiin. T\u00e4m\u00e4n lis\u00e4ksi pyrimme huomioimaan <a class=\"mh-excerpt-more\" href=\"https:\/\/siikasalmenkoulu.fi\/koulu\/\" title=\"Siikasalmen kristillinen koulu\">[&#8230;]<\/a><\/p>\n<\/div>","protected":false},"author":1,"featured_media":0,"parent":0,"menu_order":0,"comment_status":"closed","ping_status":"open","template":"","meta":[],"_links":{"self":[{"href":"https:\/\/siikasalmenkoulu.fi\/koulu\/wp-json\/wp\/v2\/pages\/2"}],"collection":[{"href":"https:\/\/siikasalmenkoulu.fi\/koulu\/wp-json\/wp\/v2\/pages"}],"about":[{"href":"https:\/\/siikasalmenkoulu.fi\/koulu\/wp-json\/wp\/v2\/types\/page"}],"author":[{"embeddable":true,"href":"https:\/\/siikasalmenkoulu.fi\/koulu\/wp-json\/wp\/v2\/users\/1"}],"replies":[{"embeddable":true,"href":"https:\/\/siikasalmenkoulu.fi\/koulu\/wp-json\/wp\/v2\/comments?post=2"}],"version-history":[{"count":12,"href":"https:\/\/siikasalmenkoulu.fi\/koulu\/wp-json\/wp\/v2\/pages\/2\/revisions"}],"predecessor-version":[{"id":430,"href":"https:\/\/siikasalmenkoulu.fi\/koulu\/wp-json\/wp\/v2\/pages\/2\/revisions\/430"}],"wp:attachment":[{"href":"https:\/\/siikasalmenkoulu.fi\/koulu\/wp-json\/wp\/v2\/media?parent=2"}],"curies":[{"name":"wp","href":"https:\/\/api.w.org\/{rel}","templated":true}]}}