{"id":248,"date":"2020-01-15T13:53:00","date_gmt":"2020-01-15T13:53:00","guid":{"rendered":"https:\/\/siikasalmenkoulu.fi\/koulu\/?page_id=248"},"modified":"2025-08-29T12:26:56","modified_gmt":"2025-08-29T12:26:56","slug":"tietoa-meista-2","status":"publish","type":"page","link":"https:\/\/siikasalmenkoulu.fi\/koulu\/tietoa-meista-2\/","title":{"rendered":"Tietoa meist\u00e4"},"content":{"rendered":"\n<p><br>Siikasalmen koulu toimii luonnonkauniilla paikalla Liperin Siikasalmella. Koulu tarjoaa maksutonta kristillisiin perusarvoihin ja el\u00e4m\u00e4nkatsomukseen pohjautuvaa esi- ja perusopetusta vuosiluokille 0-9.<br><br>Koulu aloitti toimintansa vuonna 2000. Se on tarkoitettu kaikkiin kirkkokuntiin kuuluville oppilaille. Koulun oppilasm\u00e4\u00e4r\u00e4t ovat olleet jatkuvasti kasvussa. Kouluun otetaan aloittavien ryhmien oppilaita ennakkoilmoittautumisj\u00e4rjestyksess\u00e4 ja muiden luokkien vapaita oppilaspaikkoja voi tiedustella rehtorilta.<br><br>Lukuvuonna 2025-2026 koulussa opiskelee 82 oppilasta. Opetusty\u00f6st\u00e4 huolehtivat rehtorin lis\u00e4ksi 6 p\u00e4\u00e4toimista opettajaa sek\u00e4 luokka-avustaja. Keitti\u00f6ss\u00e4 valmistetaan maittavaa kasvisruokaa. Koulussa huolehditaan oppilaan oppimisen ja koulunk\u00e4ynnin tuesta tukiopetuksen, samanaikaisopetuksen, osa-aikaisen erityisopetuksen ja oppimisen ohjaajien avulla.<br><br>Koulussa opiskellaan valtakunnallisen opetussuunnitelman mukaisesti ja oppilaista huolehditaan opiskelu- ja oppilashuollon avulla. Koulun kristillisyys tulee el\u00e4v\u00e4ksi koulun arjen ja juhlan toimintakulttuurissa v\u00e4litt\u00e4misen\u00e4 ja kristillisten arvojen kunnioittamisena. <\/p>\n","protected":false},"excerpt":{"rendered":"<div class=\"mh-excerpt\"><p>Siikasalmen koulu toimii luonnonkauniilla paikalla Liperin Siikasalmella. Koulu tarjoaa maksutonta kristillisiin perusarvoihin ja el\u00e4m\u00e4nkatsomukseen pohjautuvaa esi- ja perusopetusta vuosiluokille 0-9. Koulu aloitti toimintansa vuonna 2000. <a class=\"mh-excerpt-more\" href=\"https:\/\/siikasalmenkoulu.fi\/koulu\/tietoa-meista-2\/\" title=\"Tietoa meist\u00e4\">[&#8230;]<\/a><\/p>\n<\/div>","protected":false},"author":3,"featured_media":0,"parent":0,"menu_order":0,"comment_status":"closed","ping_status":"closed","template":"","meta":[],"_links":{"self":[{"href":"https:\/\/siikasalmenkoulu.fi\/koulu\/wp-json\/wp\/v2\/pages\/248"}],"collection":[{"href":"https:\/\/siikasalmenkoulu.fi\/koulu\/wp-json\/wp\/v2\/pages"}],"about":[{"href":"https:\/\/siikasalmenkoulu.fi\/koulu\/wp-json\/wp\/v2\/types\/page"}],"author":[{"embeddable":true,"href":"https:\/\/siikasalmenkoulu.fi\/koulu\/wp-json\/wp\/v2\/users\/3"}],"replies":[{"embeddable":true,"href":"https:\/\/siikasalmenkoulu.fi\/koulu\/wp-json\/wp\/v2\/comments?post=248"}],"version-history":[{"count":11,"href":"https:\/\/siikasalmenkoulu.fi\/koulu\/wp-json\/wp\/v2\/pages\/248\/revisions"}],"predecessor-version":[{"id":457,"href":"https:\/\/siikasalmenkoulu.fi\/koulu\/wp-json\/wp\/v2\/pages\/248\/revisions\/457"}],"wp:attachment":[{"href":"https:\/\/siikasalmenkoulu.fi\/koulu\/wp-json\/wp\/v2\/media?parent=248"}],"curies":[{"name":"wp","href":"https:\/\/api.w.org\/{rel}","templated":true}]}}