{"id":69,"date":"2019-04-27T06:32:58","date_gmt":"2019-04-27T06:32:58","guid":{"rendered":"https:\/\/siikasalmenkoulu.fi\/wp\/?page_id=69"},"modified":"2026-03-18T18:44:52","modified_gmt":"2026-03-18T18:44:52","slug":"tapahtumat","status":"publish","type":"page","link":"https:\/\/siikasalmenkoulu.fi\/koulu\/tapahtumat\/","title":{"rendered":"Tapahtumat"},"content":{"rendered":"\n<p><strong>Tulevat tapahtumat<\/strong><\/p>\n\n\n\n<p><strong>P\u00e4\u00e4si\u00e4ismusikaalit<\/strong><\/p>\n\n\n\n<p>Esiintym\u00e4ss\u00e4<\/p>\n\n\n\n<p>Siikasalmen kristillisen koulun kuoro, soitinryhm\u00e4 ja <\/p>\n\n\n\n<p>Liperin Ev. lut. seurakunnan Lapsikuoro Lehmus<\/p>\n\n\n\n<p>to 26.3.2026 klo 18.00 Liperin Ev. lut. kirkko<\/p>\n\n\n\n<p>su 29.3.2026 klo 15.00 Joensuun Vapaakirkko<\/p>\n\n\n\n<p>ti 31.3.2026 klo 18.00 Joensuun Helluntaikirkko<\/p>\n\n\n\n<p>Tervetuloa!<\/p>\n\n\n\n<p><strong>Menneet tapahtumat<\/strong><\/p>\n\n\n\n<p>Joulujuhla koulun juhlasalissa 18.12.2025 klo 18.00<\/p>\n\n\n\n<p>Joulukirkko, Liperin Ev.lut. kirkossa, 19.12.2025 klo 8.30<\/p>\n\n\n\n<p>to 26.9.2024 <\/p>\n\n\n\n<p>klo 16.30 sympatiap\u00e4iv\u00e4llinen<\/p>\n\n\n\n<p>klo 18.00 sympatiakonsertti<\/p>\n\n\n\n<p>to 21.11.2024 vanhempainilta klo 18.00<\/p>\n\n\n\n<p>to 19.12.2024 klo 18.00 joulujuhla<\/p>\n\n\n\n<p>pe 20.12.2024 klo 9.00 joulukirkko <\/p>\n\n\n\n<p>pe-la 30.-31.8.2024 elonkorjuujuhla<\/p>\n\n\n\n<p>pe 30.8.2024 hyv\u00e4ntekev\u00e4isyyskonsertti klo 18.00 koulukuljetusten tukemiseen ja klo 19.00 p\u00e4iv\u00e4llinen<\/p>\n\n\n\n<p>la 31.8.2024 klo 10.00 jumalanpalvelus, jonka j\u00e4lkeen nyyttikestit<\/p>\n\n\n\n<p>Samalla vietet\u00e4\u00e4n kodin ja koulun p\u00e4iv\u00e4\u00e4!<\/p>\n\n\n<p><!--StartFragment--><\/p>\n\n\n<p>                                                                                                                                                                            <\/p>\n\n\n\n<p><\/p>\n\n\n\n<p><\/p>\n\n\n\n<p><br><br><\/p>\n\n\n\n<p><\/p>\n\n\n\n<p><\/p>\n\n\n\n<p><\/p>\n","protected":false},"excerpt":{"rendered":"<div class=\"mh-excerpt\"><p>Tulevat tapahtumat P\u00e4\u00e4si\u00e4ismusikaalit Esiintym\u00e4ss\u00e4 Siikasalmen kristillisen koulun kuoro, soitinryhm\u00e4 ja Liperin Ev. lut. seurakunnan Lapsikuoro Lehmus to 26.3.2026 klo 18.00 Liperin Ev. lut. kirkko su <a class=\"mh-excerpt-more\" href=\"https:\/\/siikasalmenkoulu.fi\/koulu\/tapahtumat\/\" title=\"Tapahtumat\">[&#8230;]<\/a><\/p>\n<\/div>","protected":false},"author":1,"featured_media":0,"parent":0,"menu_order":0,"comment_status":"closed","ping_status":"closed","template":"","meta":[],"_links":{"self":[{"href":"https:\/\/siikasalmenkoulu.fi\/koulu\/wp-json\/wp\/v2\/pages\/69"}],"collection":[{"href":"https:\/\/siikasalmenkoulu.fi\/koulu\/wp-json\/wp\/v2\/pages"}],"about":[{"href":"https:\/\/siikasalmenkoulu.fi\/koulu\/wp-json\/wp\/v2\/types\/page"}],"author":[{"embeddable":true,"href":"https:\/\/siikasalmenkoulu.fi\/koulu\/wp-json\/wp\/v2\/users\/1"}],"replies":[{"embeddable":true,"href":"https:\/\/siikasalmenkoulu.fi\/koulu\/wp-json\/wp\/v2\/comments?post=69"}],"version-history":[{"count":51,"href":"https:\/\/siikasalmenkoulu.fi\/koulu\/wp-json\/wp\/v2\/pages\/69\/revisions"}],"predecessor-version":[{"id":474,"href":"https:\/\/siikasalmenkoulu.fi\/koulu\/wp-json\/wp\/v2\/pages\/69\/revisions\/474"}],"wp:attachment":[{"href":"https:\/\/siikasalmenkoulu.fi\/koulu\/wp-json\/wp\/v2\/media?parent=69"}],"curies":[{"name":"wp","href":"https:\/\/api.w.org\/{rel}","templated":true}]}}